{"id":1772,"date":"2025-05-28T12:57:18","date_gmt":"2025-05-28T12:57:18","guid":{"rendered":"https:\/\/minnaro.vamtam.com\/?page_id=1772"},"modified":"2025-08-04T12:03:25","modified_gmt":"2025-08-04T10:03:25","slug":"vincenzo-fortino","status":"publish","type":"page","link":"https:\/\/meisterwerk-lb.de\/meisterwerk-exklusive\/vincenzo-fortino\/","title":{"rendered":"Vincenzo Fortino"},"content":{"rendered":"\t\t<div data-elementor-type=\"wp-page\" data-elementor-id=\"1772\" class=\"elementor elementor-1772\" data-elementor-post-type=\"page\">\n\t\t\t\t<div class=\"elementor-element elementor-element-4cc74a75 e-flex e-con-boxed e-con e-parent\" data-id=\"4cc74a75\" data-element_type=\"container\" data-e-type=\"container\" data-settings=\"{&quot;background_background&quot;:&quot;classic&quot;}\">\n\t\t\t\t\t<div class=\"e-con-inner\">\n\t\t<div class=\"elementor-element elementor-element-73ff031 e-con-full e-flex e-con e-child\" data-id=\"73ff031\" data-element_type=\"container\" data-e-type=\"container\">\n\t\t<div class=\"elementor-element elementor-element-260ba3f8 e-con-full e-flex e-con e-child\" data-id=\"260ba3f8\" data-element_type=\"container\" data-e-type=\"container\">\n\t\t\t\t<div class=\"elementor-element elementor-element-3fb8108a elementor-widget elementor-widget-heading\" data-id=\"3fb8108a\" data-element_type=\"widget\" data-e-type=\"widget\" data-widget_type=\"heading.default\">\n\t\t\t\t\t<h6 class=\"elementor-heading-title elementor-size-default\">In Erinnerung an<\/h6>\t\t\t\t<\/div>\n\t\t\t\t<div class=\"elementor-element elementor-element-2159631 elementor-widget__width-initial elementor-widget-mobile__width-inherit elementor-widget elementor-widget-theme-post-title elementor-page-title elementor-widget-heading\" data-id=\"2159631\" data-element_type=\"widget\" data-e-type=\"widget\" data-widget_type=\"theme-post-title.default\">\n\t\t\t\t\t<h1 class=\"elementor-heading-title elementor-size-default\">Vincenzo Fortino<\/h1>\t\t\t\t<\/div>\n\t\t\t\t<div class=\"elementor-element elementor-element-0fc469c elementor-widget elementor-widget-heading\" data-id=\"0fc469c\" data-element_type=\"widget\" data-e-type=\"widget\" data-widget_type=\"heading.default\">\n\t\t\t\t\t<h6 class=\"elementor-heading-title elementor-size-default\">*1963 \u20202020<\/h6>\t\t\t\t<\/div>\n\t\t\t\t<div class=\"elementor-element elementor-element-7a6f277e elementor-widget elementor-widget-text-editor\" data-id=\"7a6f277e\" data-element_type=\"widget\" data-e-type=\"widget\" data-widget_type=\"text-editor.default\">\n\t\t\t\t\t\t\t\t\t<p><em>Familienvater. Handwerker. Herzensmensch.<\/em><\/p>\n    <p>Vincenzo Fortino war weit mehr als ein Teil unseres Betriebs \u2013 <strong>er war das Herzst\u00fcck<\/strong>. Als gelernter Fliesenleger mit 41 Jahren Berufserfahrung pr\u00e4gte er unsere Arbeit nicht nur mit handwerklicher Pr\u00e4zision, sondern auch mit Menschlichkeit, Humor und bemerkenswerter Ruhe.<\/p>\n    <p>Er war Vater von f\u00fcnf Kindern \u2013 drei davon, <strong>Baldassarre, Lorenzo und Fabio<\/strong>, hatten die gro\u00dfe Ehre, mit ihm Seite an Seite auf der Baustelle zu stehen. F\u00fcr sie, f\u00fcr uns alle, war er <strong>Vorbild, Ratgeber und Retter in jeder Lage<\/strong>.<\/p>\n    <p>Sein ganzes K\u00f6nnen lag im Fliesenlegen. Es war nicht nur ein Beruf, sondern sein pers\u00f6nlicher Stolz. Doch Vincenzo war mehr als seine Rolle: Er war da, wenn man ihn brauchte. Oft, bevor jemand \u00fcberhaupt merkte, dass Hilfe notwendig war.<\/p>\n    <p>Wo es brannte, l\u00f6schte er \u2013 <strong>leise, l\u00f6sungsorientiert, voller Hingabe<\/strong>. Immer mit einem L\u00e4cheln im Gesicht, einem lockeren Spruch auf den Lippen und einer Arbeit, die man mit gutem Gewissen als meisterhaft bezeichnen darf.<\/p>\n    \t\t\t\t\t\t\t\t<\/div>\n\t\t\t\t<\/div>\n\t\t\t\t<\/div>\n\t\t<div class=\"elementor-element elementor-element-54fa0c48 e-con-full e-flex e-con e-child\" data-id=\"54fa0c48\" data-element_type=\"container\" data-e-type=\"container\" data-settings=\"{&quot;background_background&quot;:&quot;classic&quot;,&quot;sticky&quot;:&quot;top&quot;,&quot;sticky_offset&quot;:80,&quot;sticky_parent&quot;:&quot;yes&quot;,&quot;sticky_on&quot;:[&quot;desktop&quot;],&quot;sticky_effects_offset&quot;:0,&quot;sticky_anchor_link_offset&quot;:0}\">\n\t\t\t\t<div class=\"vamtam-has-theme-widget-styles elementor-element elementor-element-655971ef elementor-invisible animated-fast elementor-widget elementor-widget-image\" data-id=\"655971ef\" data-element_type=\"widget\" data-e-type=\"widget\" data-settings=\"{&quot;_animation&quot;:&quot;imageGrowWithScaleLeft&quot;}\" data-widget_type=\"image.default\">\n\t\t\t\t\t\t\t\t\t<div class=\"elementor-image\">\n\t\t\t\t\t\t\t\t\t\t\t<div class=\"vamtam-image-wrapper\">\n\t\t\t\t\t\t\t\t\t\t\t\t\t\t\t\t\t\t\t\t\t<img fetchpriority=\"high\" decoding=\"async\" width=\"438\" height=\"585\" src=\"https:\/\/meisterwerk-lb.de\/meisterwerk-exklusive\/wp-content\/uploads\/2025\/07\/Papa-Vincenzo-Fortino-e1753863670297.png\" class=\"attachment-1536x1536 size-1536x1536 wp-image-988784\" alt=\"\" srcset=\"https:\/\/meisterwerk-lb.de\/meisterwerk-exklusive\/wp-content\/uploads\/2025\/07\/Papa-Vincenzo-Fortino-e1753863670297.png 438w, https:\/\/meisterwerk-lb.de\/meisterwerk-exklusive\/wp-content\/uploads\/2025\/07\/Papa-Vincenzo-Fortino-e1753863670297-225x300.png 225w\" sizes=\"(max-width: 438px) 100vw, 438px\" \/>\t\t\t\t\t\t\t\t\t\t\t\t\t\t\t\t\t\t\t\t\t\t\t\t\t\t<\/div>\n\t\t\t\t\t\t\t\t\t<\/div>\n\t\t\t\t\t\t\t\t<\/div>\n\t\t\t\t<\/div>\n\t\t<div class=\"elementor-element elementor-element-63ad3c7b e-con-full e-flex e-con e-child\" data-id=\"63ad3c7b\" data-element_type=\"container\" data-e-type=\"container\" data-settings=\"{&quot;sticky&quot;:&quot;top&quot;,&quot;sticky_on&quot;:[&quot;desktop&quot;],&quot;sticky_offset&quot;:80,&quot;sticky_parent&quot;:&quot;yes&quot;,&quot;sticky_effects_offset&quot;:0,&quot;sticky_anchor_link_offset&quot;:0}\">\n\t\t\t\t<div class=\"elementor-element elementor-element-16c7aeff elementor-widget elementor-widget-text-editor\" data-id=\"16c7aeff\" data-element_type=\"widget\" data-e-type=\"widget\" data-widget_type=\"text-editor.default\">\n\t\t\t\t\t\t\t\t\t<p><strong>Sein Motto:<\/strong> \u201eBasta poco e che ce vo\u201c \u2013 <em>\u201eIm Leben braucht es nicht viel, um etwas zu ver\u00e4ndern.\u201c<\/em><\/p>\n    <p>Wir vermissen unseren Vater, Kollegen und Freund \u2013 <strong>t\u00e4glich<\/strong>. Doch was bleibt, ist sein Geist, seine Haltung und sein Verm\u00e4chtnis \u2013 <strong>in uns Kindern, im gesamten Team und in jeder Fl\u00e4che, die er hinterlassen hat<\/strong>.<\/p>\t\t\t\t\t\t\t\t<\/div>\n\t\t\t\t<\/div>\n\t\t\t\t\t<\/div>\n\t\t\t\t<\/div>\n\t\t\t\t<\/div>\n\t\t","protected":false},"excerpt":{"rendered":"<p>In Erinnerung an *1963 \u20202020 Familienvater. Handwerker. Herzensmensch. Vincenzo Fortino war weit mehr als ein Teil unseres Betriebs \u2013 er war das Herzst\u00fcck. Als gelernter Fliesenleger mit 41 Jahren Berufserfahrung pr\u00e4gte er unsere Arbeit nicht nur mit handwerklicher Pr\u00e4zision, sondern auch mit Menschlichkeit, Humor und bemerkenswerter Ruhe. Er war Vater von f\u00fcnf Kindern \u2013 drei&#8230;<\/p>\n","protected":false},"author":1,"featured_media":988784,"parent":0,"menu_order":0,"comment_status":"closed","ping_status":"closed","template":"","meta":{"footnotes":""},"class_list":["post-1772","page","type-page","status-publish","has-post-thumbnail","hentry"],"yoast_head":"<!-- This site is optimized with the Yoast SEO Premium plugin v26.5 (Yoast SEO v27.6) - https:\/\/yoast.com\/product\/yoast-seo-premium-wordpress\/ -->\n<title>Vincenzo Fortino - Meisterwerke Exklusive<\/title>\n<meta name=\"robots\" content=\"index, follow, max-snippet:-1, max-image-preview:large, max-video-preview:-1\" \/>\n<link rel=\"canonical\" href=\"https:\/\/meisterwerk-lb.de\/meisterwerk-exklusive\/people__trashed\/vincenzo-fortino\/\" \/>\n<meta property=\"og:locale\" content=\"de_DE\" \/>\n<meta property=\"og:type\" content=\"article\" \/>\n<meta property=\"og:title\" content=\"Vincenzo Fortino\" \/>\n<meta property=\"og:description\" content=\"In Erinnerung an *1963 \u20202020 Familienvater. Handwerker. Herzensmensch. Vincenzo Fortino war weit mehr als ein Teil unseres Betriebs \u2013 er war das Herzst\u00fcck. Als gelernter Fliesenleger mit 41 Jahren Berufserfahrung pr\u00e4gte er unsere Arbeit nicht nur mit handwerklicher Pr\u00e4zision, sondern auch mit Menschlichkeit, Humor und bemerkenswerter Ruhe. Er war Vater von f\u00fcnf Kindern \u2013 drei...\" \/>\n<meta property=\"og:url\" content=\"https:\/\/meisterwerk-lb.de\/meisterwerk-exklusive\/people__trashed\/vincenzo-fortino\/\" \/>\n<meta property=\"og:site_name\" content=\"Meisterwerke Exklusive\" \/>\n<meta property=\"article:modified_time\" content=\"2025-08-04T10:03:25+00:00\" \/>\n<meta property=\"og:image\" content=\"https:\/\/meisterwerk-lb.de\/meisterwerk-exklusive\/wp-content\/uploads\/2025\/07\/Papa-Vincenzo-Fortino-e1753863670297.png\" \/>\n\t<meta property=\"og:image:width\" content=\"438\" \/>\n\t<meta property=\"og:image:height\" content=\"585\" \/>\n\t<meta property=\"og:image:type\" content=\"image\/png\" \/>\n<meta name=\"twitter:card\" content=\"summary_large_image\" \/>\n<meta name=\"twitter:label1\" content=\"Gesch\u00e4tzte Lesezeit\" \/>\n\t<meta name=\"twitter:data1\" content=\"1\u00a0Minute\" \/>\n<script type=\"application\/ld+json\" class=\"yoast-schema-graph\">{\"@context\":\"https:\\\/\\\/schema.org\",\"@graph\":[{\"@type\":\"WebPage\",\"@id\":\"https:\\\/\\\/meisterwerk-lb.de\\\/meisterwerk-exklusive\\\/people__trashed\\\/vincenzo-fortino\\\/\",\"url\":\"https:\\\/\\\/meisterwerk-lb.de\\\/meisterwerk-exklusive\\\/people__trashed\\\/vincenzo-fortino\\\/\",\"name\":\"Vincenzo Fortino - Meisterwerke Exklusive\",\"isPartOf\":{\"@id\":\"https:\\\/\\\/meisterwerk-lb.de\\\/meisterwerk-exklusive\\\/#website\"},\"primaryImageOfPage\":{\"@id\":\"https:\\\/\\\/meisterwerk-lb.de\\\/meisterwerk-exklusive\\\/people__trashed\\\/vincenzo-fortino\\\/#primaryimage\"},\"image\":{\"@id\":\"https:\\\/\\\/meisterwerk-lb.de\\\/meisterwerk-exklusive\\\/people__trashed\\\/vincenzo-fortino\\\/#primaryimage\"},\"thumbnailUrl\":\"https:\\\/\\\/meisterwerk-lb.de\\\/meisterwerk-exklusive\\\/wp-content\\\/uploads\\\/2025\\\/07\\\/Papa-Vincenzo-Fortino-e1753863670297.png\",\"datePublished\":\"2025-05-28T12:57:18+00:00\",\"dateModified\":\"2025-08-04T10:03:25+00:00\",\"breadcrumb\":{\"@id\":\"https:\\\/\\\/meisterwerk-lb.de\\\/meisterwerk-exklusive\\\/people__trashed\\\/vincenzo-fortino\\\/#breadcrumb\"},\"inLanguage\":\"de\",\"potentialAction\":[{\"@type\":\"ReadAction\",\"target\":[\"https:\\\/\\\/meisterwerk-lb.de\\\/meisterwerk-exklusive\\\/people__trashed\\\/vincenzo-fortino\\\/\"]}]},{\"@type\":\"ImageObject\",\"inLanguage\":\"de\",\"@id\":\"https:\\\/\\\/meisterwerk-lb.de\\\/meisterwerk-exklusive\\\/people__trashed\\\/vincenzo-fortino\\\/#primaryimage\",\"url\":\"https:\\\/\\\/meisterwerk-lb.de\\\/meisterwerk-exklusive\\\/wp-content\\\/uploads\\\/2025\\\/07\\\/Papa-Vincenzo-Fortino-e1753863670297.png\",\"contentUrl\":\"https:\\\/\\\/meisterwerk-lb.de\\\/meisterwerk-exklusive\\\/wp-content\\\/uploads\\\/2025\\\/07\\\/Papa-Vincenzo-Fortino-e1753863670297.png\",\"width\":438,\"height\":585},{\"@type\":\"BreadcrumbList\",\"@id\":\"https:\\\/\\\/meisterwerk-lb.de\\\/meisterwerk-exklusive\\\/people__trashed\\\/vincenzo-fortino\\\/#breadcrumb\",\"itemListElement\":[{\"@type\":\"ListItem\",\"position\":1,\"name\":\"Startseite\",\"item\":\"https:\\\/\\\/meisterwerk-lb.de\\\/meisterwerk-exklusive\\\/\"},{\"@type\":\"ListItem\",\"position\":2,\"name\":\"Vincenzo Fortino\"}]},{\"@type\":\"WebSite\",\"@id\":\"https:\\\/\\\/meisterwerk-lb.de\\\/meisterwerk-exklusive\\\/#website\",\"url\":\"https:\\\/\\\/meisterwerk-lb.de\\\/meisterwerk-exklusive\\\/\",\"name\":\"Meisterwerke Exklusive\",\"description\":\"Fugenlose B&auml;der &amp; B&ouml;den, Spachteltechniken\",\"publisher\":{\"@id\":\"https:\\\/\\\/meisterwerk-lb.de\\\/meisterwerk-exklusive\\\/#organization\"},\"potentialAction\":[{\"@type\":\"SearchAction\",\"target\":{\"@type\":\"EntryPoint\",\"urlTemplate\":\"https:\\\/\\\/meisterwerk-lb.de\\\/meisterwerk-exklusive\\\/?s={search_term_string}\"},\"query-input\":{\"@type\":\"PropertyValueSpecification\",\"valueRequired\":true,\"valueName\":\"search_term_string\"}}],\"inLanguage\":\"de\"},{\"@type\":\"Organization\",\"@id\":\"https:\\\/\\\/meisterwerk-lb.de\\\/meisterwerk-exklusive\\\/#organization\",\"name\":\"Meisterwerke Exklusive\",\"url\":\"https:\\\/\\\/meisterwerk-lb.de\\\/meisterwerk-exklusive\\\/\",\"logo\":{\"@type\":\"ImageObject\",\"inLanguage\":\"de\",\"@id\":\"https:\\\/\\\/meisterwerk-lb.de\\\/meisterwerk-exklusive\\\/#\\\/schema\\\/logo\\\/image\\\/\",\"url\":\"https:\\\/\\\/meisterwerk-lb.de\\\/meisterwerk-exklusive\\\/wp-content\\\/uploads\\\/2025\\\/08\\\/logo_exklusive.png\",\"contentUrl\":\"https:\\\/\\\/meisterwerk-lb.de\\\/meisterwerk-exklusive\\\/wp-content\\\/uploads\\\/2025\\\/08\\\/logo_exklusive.png\",\"width\":831,\"height\":325,\"caption\":\"Meisterwerke Exklusive\"},\"image\":{\"@id\":\"https:\\\/\\\/meisterwerk-lb.de\\\/meisterwerk-exklusive\\\/#\\\/schema\\\/logo\\\/image\\\/\"}}]}<\/script>\n<!-- \/ Yoast SEO Premium plugin. -->","yoast_head_json":{"title":"Vincenzo Fortino - Meisterwerke Exklusive","robots":{"index":"index","follow":"follow","max-snippet":"max-snippet:-1","max-image-preview":"max-image-preview:large","max-video-preview":"max-video-preview:-1"},"canonical":"https:\/\/meisterwerk-lb.de\/meisterwerk-exklusive\/people__trashed\/vincenzo-fortino\/","og_locale":"de_DE","og_type":"article","og_title":"Vincenzo Fortino","og_description":"In Erinnerung an *1963 \u20202020 Familienvater. Handwerker. Herzensmensch. Vincenzo Fortino war weit mehr als ein Teil unseres Betriebs \u2013 er war das Herzst\u00fcck. Als gelernter Fliesenleger mit 41 Jahren Berufserfahrung pr\u00e4gte er unsere Arbeit nicht nur mit handwerklicher Pr\u00e4zision, sondern auch mit Menschlichkeit, Humor und bemerkenswerter Ruhe. Er war Vater von f\u00fcnf Kindern \u2013 drei...","og_url":"https:\/\/meisterwerk-lb.de\/meisterwerk-exklusive\/people__trashed\/vincenzo-fortino\/","og_site_name":"Meisterwerke Exklusive","article_modified_time":"2025-08-04T10:03:25+00:00","og_image":[{"width":438,"height":585,"url":"https:\/\/meisterwerk-lb.de\/meisterwerk-exklusive\/wp-content\/uploads\/2025\/07\/Papa-Vincenzo-Fortino-e1753863670297.png","type":"image\/png"}],"twitter_card":"summary_large_image","twitter_misc":{"Gesch\u00e4tzte Lesezeit":"1\u00a0Minute"},"schema":{"@context":"https:\/\/schema.org","@graph":[{"@type":"WebPage","@id":"https:\/\/meisterwerk-lb.de\/meisterwerk-exklusive\/people__trashed\/vincenzo-fortino\/","url":"https:\/\/meisterwerk-lb.de\/meisterwerk-exklusive\/people__trashed\/vincenzo-fortino\/","name":"Vincenzo Fortino - Meisterwerke Exklusive","isPartOf":{"@id":"https:\/\/meisterwerk-lb.de\/meisterwerk-exklusive\/#website"},"primaryImageOfPage":{"@id":"https:\/\/meisterwerk-lb.de\/meisterwerk-exklusive\/people__trashed\/vincenzo-fortino\/#primaryimage"},"image":{"@id":"https:\/\/meisterwerk-lb.de\/meisterwerk-exklusive\/people__trashed\/vincenzo-fortino\/#primaryimage"},"thumbnailUrl":"https:\/\/meisterwerk-lb.de\/meisterwerk-exklusive\/wp-content\/uploads\/2025\/07\/Papa-Vincenzo-Fortino-e1753863670297.png","datePublished":"2025-05-28T12:57:18+00:00","dateModified":"2025-08-04T10:03:25+00:00","breadcrumb":{"@id":"https:\/\/meisterwerk-lb.de\/meisterwerk-exklusive\/people__trashed\/vincenzo-fortino\/#breadcrumb"},"inLanguage":"de","potentialAction":[{"@type":"ReadAction","target":["https:\/\/meisterwerk-lb.de\/meisterwerk-exklusive\/people__trashed\/vincenzo-fortino\/"]}]},{"@type":"ImageObject","inLanguage":"de","@id":"https:\/\/meisterwerk-lb.de\/meisterwerk-exklusive\/people__trashed\/vincenzo-fortino\/#primaryimage","url":"https:\/\/meisterwerk-lb.de\/meisterwerk-exklusive\/wp-content\/uploads\/2025\/07\/Papa-Vincenzo-Fortino-e1753863670297.png","contentUrl":"https:\/\/meisterwerk-lb.de\/meisterwerk-exklusive\/wp-content\/uploads\/2025\/07\/Papa-Vincenzo-Fortino-e1753863670297.png","width":438,"height":585},{"@type":"BreadcrumbList","@id":"https:\/\/meisterwerk-lb.de\/meisterwerk-exklusive\/people__trashed\/vincenzo-fortino\/#breadcrumb","itemListElement":[{"@type":"ListItem","position":1,"name":"Startseite","item":"https:\/\/meisterwerk-lb.de\/meisterwerk-exklusive\/"},{"@type":"ListItem","position":2,"name":"Vincenzo Fortino"}]},{"@type":"WebSite","@id":"https:\/\/meisterwerk-lb.de\/meisterwerk-exklusive\/#website","url":"https:\/\/meisterwerk-lb.de\/meisterwerk-exklusive\/","name":"Meisterwerke Exklusive","description":"Fugenlose B&auml;der &amp; B&ouml;den, Spachteltechniken","publisher":{"@id":"https:\/\/meisterwerk-lb.de\/meisterwerk-exklusive\/#organization"},"potentialAction":[{"@type":"SearchAction","target":{"@type":"EntryPoint","urlTemplate":"https:\/\/meisterwerk-lb.de\/meisterwerk-exklusive\/?s={search_term_string}"},"query-input":{"@type":"PropertyValueSpecification","valueRequired":true,"valueName":"search_term_string"}}],"inLanguage":"de"},{"@type":"Organization","@id":"https:\/\/meisterwerk-lb.de\/meisterwerk-exklusive\/#organization","name":"Meisterwerke Exklusive","url":"https:\/\/meisterwerk-lb.de\/meisterwerk-exklusive\/","logo":{"@type":"ImageObject","inLanguage":"de","@id":"https:\/\/meisterwerk-lb.de\/meisterwerk-exklusive\/#\/schema\/logo\/image\/","url":"https:\/\/meisterwerk-lb.de\/meisterwerk-exklusive\/wp-content\/uploads\/2025\/08\/logo_exklusive.png","contentUrl":"https:\/\/meisterwerk-lb.de\/meisterwerk-exklusive\/wp-content\/uploads\/2025\/08\/logo_exklusive.png","width":831,"height":325,"caption":"Meisterwerke Exklusive"},"image":{"@id":"https:\/\/meisterwerk-lb.de\/meisterwerk-exklusive\/#\/schema\/logo\/image\/"}}]}},"_links":{"self":[{"href":"https:\/\/meisterwerk-lb.de\/meisterwerk-exklusive\/wp-json\/wp\/v2\/pages\/1772","targetHints":{"allow":["GET"]}}],"collection":[{"href":"https:\/\/meisterwerk-lb.de\/meisterwerk-exklusive\/wp-json\/wp\/v2\/pages"}],"about":[{"href":"https:\/\/meisterwerk-lb.de\/meisterwerk-exklusive\/wp-json\/wp\/v2\/types\/page"}],"author":[{"embeddable":true,"href":"https:\/\/meisterwerk-lb.de\/meisterwerk-exklusive\/wp-json\/wp\/v2\/users\/1"}],"replies":[{"embeddable":true,"href":"https:\/\/meisterwerk-lb.de\/meisterwerk-exklusive\/wp-json\/wp\/v2\/comments?post=1772"}],"version-history":[{"count":0,"href":"https:\/\/meisterwerk-lb.de\/meisterwerk-exklusive\/wp-json\/wp\/v2\/pages\/1772\/revisions"}],"wp:featuredmedia":[{"embeddable":true,"href":"https:\/\/meisterwerk-lb.de\/meisterwerk-exklusive\/wp-json\/wp\/v2\/media\/988784"}],"wp:attachment":[{"href":"https:\/\/meisterwerk-lb.de\/meisterwerk-exklusive\/wp-json\/wp\/v2\/media?parent=1772"}],"curies":[{"name":"wp","href":"https:\/\/api.w.org\/{rel}","templated":true}]}}