{"id":1776,"date":"2025-05-28T12:59:28","date_gmt":"2025-05-28T12:59:28","guid":{"rendered":"https:\/\/minnaro.vamtam.com\/?page_id=1776"},"modified":"2025-08-07T12:00:53","modified_gmt":"2025-08-07T10:00:53","slug":"fabio-fortino","status":"publish","type":"page","link":"https:\/\/meisterwerk-lb.de\/meisterwerk-exklusive\/fabio-fortino\/","title":{"rendered":"Fabio Fortino"},"content":{"rendered":"\t\t<div data-elementor-type=\"wp-page\" data-elementor-id=\"1776\" class=\"elementor elementor-1776\" data-elementor-post-type=\"page\">\n\t\t\t\t<div class=\"elementor-element elementor-element-76976f7a e-flex e-con-boxed e-con e-parent\" data-id=\"76976f7a\" data-element_type=\"container\" data-e-type=\"container\" data-settings=\"{&quot;background_background&quot;:&quot;classic&quot;}\">\n\t\t\t\t\t<div class=\"e-con-inner\">\n\t\t<div class=\"elementor-element elementor-element-1f0b3434 e-con-full e-flex e-con e-child\" data-id=\"1f0b3434\" data-element_type=\"container\" data-e-type=\"container\">\n\t\t<div class=\"elementor-element elementor-element-62777165 e-con-full e-flex e-con e-child\" data-id=\"62777165\" data-element_type=\"container\" data-e-type=\"container\">\n\t\t\t\t<div class=\"elementor-element elementor-element-31e470ad elementor-widget elementor-widget-heading\" data-id=\"31e470ad\" data-element_type=\"widget\" data-e-type=\"widget\" data-widget_type=\"heading.default\">\n\t\t\t\t\t<h6 class=\"elementor-heading-title elementor-size-default\">Der Mann f\u00fcrs Grobe<\/h6>\t\t\t\t<\/div>\n\t\t\t\t<div class=\"elementor-element elementor-element-669b7b8f elementor-widget__width-initial elementor-widget-mobile__width-inherit elementor-widget elementor-widget-theme-post-title elementor-page-title elementor-widget-heading\" data-id=\"669b7b8f\" data-element_type=\"widget\" data-e-type=\"widget\" data-widget_type=\"theme-post-title.default\">\n\t\t\t\t\t<h1 class=\"elementor-heading-title elementor-size-default\">Fabio Fortino<\/h1>\t\t\t\t<\/div>\n\t\t\t\t<div class=\"elementor-element elementor-element-4fd2f787 elementor-widget elementor-widget-text-editor\" data-id=\"4fd2f787\" data-element_type=\"widget\" data-e-type=\"widget\" data-widget_type=\"text-editor.default\">\n\t\t\t\t\t\t\t\t\t<p data-start=\"2486\" data-end=\"2528\"><strong data-start=\"2486\" data-end=\"2499\">Position:<\/strong> Maler- und Lackierer-Geselle<\/p><p data-start=\"2530\" data-end=\"2547\"><strong data-start=\"2530\" data-end=\"2542\">Baujahr:<\/strong> 1999<\/p><p data-start=\"2549\" data-end=\"2657\"><strong data-start=\"2549\" data-end=\"2577\">Beruflicher Hintergrund:<\/strong> Seit 8 Jahren im Handwerk \u2013 spezialisiert auf gro\u00dfe Fl\u00e4chen und grobe Arbeiten.<\/p><p data-start=\"2659\" data-end=\"2776\"><strong data-start=\"2659\" data-end=\"2673\">Erfahrung:<\/strong> Souver\u00e4n im Umgang mit Maschinen und Material \u2013 liefert auch unter hoher Belastung saubere Ergebnisse.<\/p><p data-start=\"2778\" data-end=\"2846\"><strong data-start=\"2778\" data-end=\"2797\">Special Skills:<\/strong> Zuverl\u00e4ssig, ausdauernd und immer einsatzbereit.<\/p>\t\t\t\t\t\t\t\t<\/div>\n\t\t\t\t<\/div>\n\t\t\t\t<\/div>\n\t\t<div class=\"elementor-element elementor-element-6d6693f4 e-con-full e-flex e-con e-child\" data-id=\"6d6693f4\" data-element_type=\"container\" data-e-type=\"container\" data-settings=\"{&quot;background_background&quot;:&quot;classic&quot;,&quot;sticky&quot;:&quot;top&quot;,&quot;sticky_offset&quot;:80,&quot;sticky_parent&quot;:&quot;yes&quot;,&quot;sticky_on&quot;:[&quot;desktop&quot;],&quot;sticky_effects_offset&quot;:0,&quot;sticky_anchor_link_offset&quot;:0}\">\n\t\t\t\t<div class=\"vamtam-has-theme-widget-styles elementor-element elementor-element-287c5257 elementor-invisible animated-fast elementor-widget elementor-widget-image\" data-id=\"287c5257\" data-element_type=\"widget\" data-e-type=\"widget\" data-settings=\"{&quot;_animation&quot;:&quot;imageGrowWithScaleLeft&quot;}\" data-widget_type=\"image.default\">\n\t\t\t\t\t\t\t\t\t<div class=\"elementor-image\">\n\t\t\t\t\t\t\t\t\t\t\t<div class=\"vamtam-image-wrapper\">\n\t\t\t\t\t\t\t\t\t\t\t\t\t\t\t\t\t\t\t\t\t<img fetchpriority=\"high\" decoding=\"async\" width=\"1150\" height=\"1536\" src=\"https:\/\/meisterwerk-lb.de\/meisterwerk-exklusive\/wp-content\/uploads\/2025\/07\/Maler-u.-Lackierer-Gesele-Fabio-Fortino-scaled-e1753863865243-1150x1536.jpg\" class=\"attachment-1536x1536 size-1536x1536 wp-image-988771\" alt=\"\" srcset=\"https:\/\/meisterwerk-lb.de\/meisterwerk-exklusive\/wp-content\/uploads\/2025\/07\/Maler-u.-Lackierer-Gesele-Fabio-Fortino-scaled-e1753863865243-1150x1536.jpg 1150w, https:\/\/meisterwerk-lb.de\/meisterwerk-exklusive\/wp-content\/uploads\/2025\/07\/Maler-u.-Lackierer-Gesele-Fabio-Fortino-scaled-e1753863865243-225x300.jpg 225w, https:\/\/meisterwerk-lb.de\/meisterwerk-exklusive\/wp-content\/uploads\/2025\/07\/Maler-u.-Lackierer-Gesele-Fabio-Fortino-scaled-e1753863865243-767x1024.jpg 767w, https:\/\/meisterwerk-lb.de\/meisterwerk-exklusive\/wp-content\/uploads\/2025\/07\/Maler-u.-Lackierer-Gesele-Fabio-Fortino-scaled-e1753863865243-768x1026.jpg 768w, https:\/\/meisterwerk-lb.de\/meisterwerk-exklusive\/wp-content\/uploads\/2025\/07\/Maler-u.-Lackierer-Gesele-Fabio-Fortino-scaled-e1753863865243-1534x2048.jpg 1534w, https:\/\/meisterwerk-lb.de\/meisterwerk-exklusive\/wp-content\/uploads\/2025\/07\/Maler-u.-Lackierer-Gesele-Fabio-Fortino-scaled-e1753863865243.jpg 1700w\" sizes=\"(max-width: 1150px) 100vw, 1150px\" \/>\t\t\t\t\t\t\t\t\t\t\t\t\t\t\t\t\t\t\t\t\t\t\t\t\t\t<\/div>\n\t\t\t\t\t\t\t\t\t<\/div>\n\t\t\t\t\t\t\t\t<\/div>\n\t\t\t\t<\/div>\n\t\t<div class=\"elementor-element elementor-element-49ad55da e-con-full e-flex e-con e-child\" data-id=\"49ad55da\" data-element_type=\"container\" data-e-type=\"container\" data-settings=\"{&quot;sticky&quot;:&quot;top&quot;,&quot;sticky_on&quot;:[&quot;desktop&quot;],&quot;sticky_offset&quot;:80,&quot;sticky_parent&quot;:&quot;yes&quot;,&quot;sticky_effects_offset&quot;:0,&quot;sticky_anchor_link_offset&quot;:0}\">\n\t\t\t\t<div class=\"elementor-element elementor-element-14567519 elementor-widget elementor-widget-text-editor\" data-id=\"14567519\" data-element_type=\"widget\" data-e-type=\"widget\" data-widget_type=\"text-editor.default\">\n\t\t\t\t\t\t\t\t\t<p><strong>Motto:<\/strong> \u201eGib ihm!\u201c<\/p>\n    <p><strong>Privat:<\/strong> Bodenst\u00e4ndig, sportlich, famili\u00e4r. Wenn er nicht streicht, schwimmt er, spielt Fu\u00dfball oder zockt sich durchs Wochenende.<\/p>\n    <p><strong>Fun Fact:<\/strong> Braucht keine Lupe \u2013 erkennt selbst auf 300\u202fm\u00b2 die kleinste Unregelm\u00e4\u00dfigkeit. Und behebt sie direkt. Mit Stil.<\/p>\t\t\t\t\t\t\t\t<\/div>\n\t\t\t\t<\/div>\n\t\t\t\t\t<\/div>\n\t\t\t\t<\/div>\n\t\t\t\t<\/div>\n\t\t","protected":false},"excerpt":{"rendered":"<p>Der Mann f\u00fcrs Grobe Position: Maler- und Lackierer-Geselle Baujahr: 1999 Beruflicher Hintergrund: Seit 8 Jahren im Handwerk \u2013 spezialisiert auf gro\u00dfe Fl\u00e4chen und grobe Arbeiten. Erfahrung: Souver\u00e4n im Umgang mit Maschinen und Material \u2013 liefert auch unter hoher Belastung saubere Ergebnisse. Special Skills: Zuverl\u00e4ssig, ausdauernd und immer einsatzbereit. Motto: \u201eGib ihm!\u201c Privat: Bodenst\u00e4ndig, sportlich, famili\u00e4r&#8230;.<\/p>\n","protected":false},"author":1,"featured_media":988771,"parent":0,"menu_order":0,"comment_status":"closed","ping_status":"closed","template":"","meta":{"footnotes":""},"class_list":["post-1776","page","type-page","status-publish","has-post-thumbnail","hentry"],"yoast_head":"<!-- This site is optimized with the Yoast SEO Premium plugin v26.5 (Yoast SEO v27.6) - https:\/\/yoast.com\/product\/yoast-seo-premium-wordpress\/ -->\n<title>Fabio Fortino - Meisterwerke Exklusive<\/title>\n<meta name=\"robots\" content=\"index, follow, max-snippet:-1, max-image-preview:large, max-video-preview:-1\" \/>\n<link rel=\"canonical\" href=\"https:\/\/meisterwerk-lb.de\/meisterwerk-exklusive\/people__trashed\/fabio-fortino\/\" \/>\n<meta property=\"og:locale\" content=\"de_DE\" \/>\n<meta property=\"og:type\" content=\"article\" \/>\n<meta property=\"og:title\" content=\"Fabio Fortino\" \/>\n<meta property=\"og:description\" content=\"Der Mann f\u00fcrs Grobe Position: Maler- und Lackierer-Geselle Baujahr: 1999 Beruflicher Hintergrund: Seit 8 Jahren im Handwerk \u2013 spezialisiert auf gro\u00dfe Fl\u00e4chen und grobe Arbeiten. Erfahrung: Souver\u00e4n im Umgang mit Maschinen und Material \u2013 liefert auch unter hoher Belastung saubere Ergebnisse. Special Skills: Zuverl\u00e4ssig, ausdauernd und immer einsatzbereit. Motto: \u201eGib ihm!\u201c Privat: Bodenst\u00e4ndig, sportlich, famili\u00e4r....\" \/>\n<meta property=\"og:url\" content=\"https:\/\/meisterwerk-lb.de\/meisterwerk-exklusive\/people__trashed\/fabio-fortino\/\" \/>\n<meta property=\"og:site_name\" content=\"Meisterwerke Exklusive\" \/>\n<meta property=\"article:modified_time\" content=\"2025-08-07T10:00:53+00:00\" \/>\n<meta property=\"og:image\" content=\"https:\/\/meisterwerk-lb.de\/meisterwerk-exklusive\/wp-content\/uploads\/2025\/07\/Maler-u.-Lackierer-Gesele-Fabio-Fortino-scaled-e1753863865243.jpg\" \/>\n\t<meta property=\"og:image:width\" content=\"1700\" \/>\n\t<meta property=\"og:image:height\" content=\"2270\" \/>\n\t<meta property=\"og:image:type\" content=\"image\/jpeg\" \/>\n<meta name=\"twitter:card\" content=\"summary_large_image\" \/>\n<script type=\"application\/ld+json\" class=\"yoast-schema-graph\">{\"@context\":\"https:\\\/\\\/schema.org\",\"@graph\":[{\"@type\":\"WebPage\",\"@id\":\"https:\\\/\\\/meisterwerk-lb.de\\\/meisterwerk-exklusive\\\/people__trashed\\\/fabio-fortino\\\/\",\"url\":\"https:\\\/\\\/meisterwerk-lb.de\\\/meisterwerk-exklusive\\\/people__trashed\\\/fabio-fortino\\\/\",\"name\":\"Fabio Fortino - Meisterwerke Exklusive\",\"isPartOf\":{\"@id\":\"https:\\\/\\\/meisterwerk-lb.de\\\/meisterwerk-exklusive\\\/#website\"},\"primaryImageOfPage\":{\"@id\":\"https:\\\/\\\/meisterwerk-lb.de\\\/meisterwerk-exklusive\\\/people__trashed\\\/fabio-fortino\\\/#primaryimage\"},\"image\":{\"@id\":\"https:\\\/\\\/meisterwerk-lb.de\\\/meisterwerk-exklusive\\\/people__trashed\\\/fabio-fortino\\\/#primaryimage\"},\"thumbnailUrl\":\"https:\\\/\\\/meisterwerk-lb.de\\\/meisterwerk-exklusive\\\/wp-content\\\/uploads\\\/2025\\\/07\\\/Maler-u.-Lackierer-Gesele-Fabio-Fortino-scaled-e1753863865243.jpg\",\"datePublished\":\"2025-05-28T12:59:28+00:00\",\"dateModified\":\"2025-08-07T10:00:53+00:00\",\"breadcrumb\":{\"@id\":\"https:\\\/\\\/meisterwerk-lb.de\\\/meisterwerk-exklusive\\\/people__trashed\\\/fabio-fortino\\\/#breadcrumb\"},\"inLanguage\":\"de\",\"potentialAction\":[{\"@type\":\"ReadAction\",\"target\":[\"https:\\\/\\\/meisterwerk-lb.de\\\/meisterwerk-exklusive\\\/people__trashed\\\/fabio-fortino\\\/\"]}]},{\"@type\":\"ImageObject\",\"inLanguage\":\"de\",\"@id\":\"https:\\\/\\\/meisterwerk-lb.de\\\/meisterwerk-exklusive\\\/people__trashed\\\/fabio-fortino\\\/#primaryimage\",\"url\":\"https:\\\/\\\/meisterwerk-lb.de\\\/meisterwerk-exklusive\\\/wp-content\\\/uploads\\\/2025\\\/07\\\/Maler-u.-Lackierer-Gesele-Fabio-Fortino-scaled-e1753863865243.jpg\",\"contentUrl\":\"https:\\\/\\\/meisterwerk-lb.de\\\/meisterwerk-exklusive\\\/wp-content\\\/uploads\\\/2025\\\/07\\\/Maler-u.-Lackierer-Gesele-Fabio-Fortino-scaled-e1753863865243.jpg\",\"width\":1700,\"height\":2270},{\"@type\":\"BreadcrumbList\",\"@id\":\"https:\\\/\\\/meisterwerk-lb.de\\\/meisterwerk-exklusive\\\/people__trashed\\\/fabio-fortino\\\/#breadcrumb\",\"itemListElement\":[{\"@type\":\"ListItem\",\"position\":1,\"name\":\"Startseite\",\"item\":\"https:\\\/\\\/meisterwerk-lb.de\\\/meisterwerk-exklusive\\\/\"},{\"@type\":\"ListItem\",\"position\":2,\"name\":\"Fabio Fortino\"}]},{\"@type\":\"WebSite\",\"@id\":\"https:\\\/\\\/meisterwerk-lb.de\\\/meisterwerk-exklusive\\\/#website\",\"url\":\"https:\\\/\\\/meisterwerk-lb.de\\\/meisterwerk-exklusive\\\/\",\"name\":\"Meisterwerke Exklusive\",\"description\":\"Fugenlose B&auml;der &amp; B&ouml;den, Spachteltechniken\",\"publisher\":{\"@id\":\"https:\\\/\\\/meisterwerk-lb.de\\\/meisterwerk-exklusive\\\/#organization\"},\"potentialAction\":[{\"@type\":\"SearchAction\",\"target\":{\"@type\":\"EntryPoint\",\"urlTemplate\":\"https:\\\/\\\/meisterwerk-lb.de\\\/meisterwerk-exklusive\\\/?s={search_term_string}\"},\"query-input\":{\"@type\":\"PropertyValueSpecification\",\"valueRequired\":true,\"valueName\":\"search_term_string\"}}],\"inLanguage\":\"de\"},{\"@type\":\"Organization\",\"@id\":\"https:\\\/\\\/meisterwerk-lb.de\\\/meisterwerk-exklusive\\\/#organization\",\"name\":\"Meisterwerke Exklusive\",\"url\":\"https:\\\/\\\/meisterwerk-lb.de\\\/meisterwerk-exklusive\\\/\",\"logo\":{\"@type\":\"ImageObject\",\"inLanguage\":\"de\",\"@id\":\"https:\\\/\\\/meisterwerk-lb.de\\\/meisterwerk-exklusive\\\/#\\\/schema\\\/logo\\\/image\\\/\",\"url\":\"https:\\\/\\\/meisterwerk-lb.de\\\/meisterwerk-exklusive\\\/wp-content\\\/uploads\\\/2025\\\/08\\\/logo_exklusive.png\",\"contentUrl\":\"https:\\\/\\\/meisterwerk-lb.de\\\/meisterwerk-exklusive\\\/wp-content\\\/uploads\\\/2025\\\/08\\\/logo_exklusive.png\",\"width\":831,\"height\":325,\"caption\":\"Meisterwerke Exklusive\"},\"image\":{\"@id\":\"https:\\\/\\\/meisterwerk-lb.de\\\/meisterwerk-exklusive\\\/#\\\/schema\\\/logo\\\/image\\\/\"}}]}<\/script>\n<!-- \/ Yoast SEO Premium plugin. -->","yoast_head_json":{"title":"Fabio Fortino - Meisterwerke Exklusive","robots":{"index":"index","follow":"follow","max-snippet":"max-snippet:-1","max-image-preview":"max-image-preview:large","max-video-preview":"max-video-preview:-1"},"canonical":"https:\/\/meisterwerk-lb.de\/meisterwerk-exklusive\/people__trashed\/fabio-fortino\/","og_locale":"de_DE","og_type":"article","og_title":"Fabio Fortino","og_description":"Der Mann f\u00fcrs Grobe Position: Maler- und Lackierer-Geselle Baujahr: 1999 Beruflicher Hintergrund: Seit 8 Jahren im Handwerk \u2013 spezialisiert auf gro\u00dfe Fl\u00e4chen und grobe Arbeiten. Erfahrung: Souver\u00e4n im Umgang mit Maschinen und Material \u2013 liefert auch unter hoher Belastung saubere Ergebnisse. Special Skills: Zuverl\u00e4ssig, ausdauernd und immer einsatzbereit. Motto: \u201eGib ihm!\u201c Privat: Bodenst\u00e4ndig, sportlich, famili\u00e4r....","og_url":"https:\/\/meisterwerk-lb.de\/meisterwerk-exklusive\/people__trashed\/fabio-fortino\/","og_site_name":"Meisterwerke Exklusive","article_modified_time":"2025-08-07T10:00:53+00:00","og_image":[{"width":1700,"height":2270,"url":"https:\/\/meisterwerk-lb.de\/meisterwerk-exklusive\/wp-content\/uploads\/2025\/07\/Maler-u.-Lackierer-Gesele-Fabio-Fortino-scaled-e1753863865243.jpg","type":"image\/jpeg"}],"twitter_card":"summary_large_image","schema":{"@context":"https:\/\/schema.org","@graph":[{"@type":"WebPage","@id":"https:\/\/meisterwerk-lb.de\/meisterwerk-exklusive\/people__trashed\/fabio-fortino\/","url":"https:\/\/meisterwerk-lb.de\/meisterwerk-exklusive\/people__trashed\/fabio-fortino\/","name":"Fabio Fortino - Meisterwerke Exklusive","isPartOf":{"@id":"https:\/\/meisterwerk-lb.de\/meisterwerk-exklusive\/#website"},"primaryImageOfPage":{"@id":"https:\/\/meisterwerk-lb.de\/meisterwerk-exklusive\/people__trashed\/fabio-fortino\/#primaryimage"},"image":{"@id":"https:\/\/meisterwerk-lb.de\/meisterwerk-exklusive\/people__trashed\/fabio-fortino\/#primaryimage"},"thumbnailUrl":"https:\/\/meisterwerk-lb.de\/meisterwerk-exklusive\/wp-content\/uploads\/2025\/07\/Maler-u.-Lackierer-Gesele-Fabio-Fortino-scaled-e1753863865243.jpg","datePublished":"2025-05-28T12:59:28+00:00","dateModified":"2025-08-07T10:00:53+00:00","breadcrumb":{"@id":"https:\/\/meisterwerk-lb.de\/meisterwerk-exklusive\/people__trashed\/fabio-fortino\/#breadcrumb"},"inLanguage":"de","potentialAction":[{"@type":"ReadAction","target":["https:\/\/meisterwerk-lb.de\/meisterwerk-exklusive\/people__trashed\/fabio-fortino\/"]}]},{"@type":"ImageObject","inLanguage":"de","@id":"https:\/\/meisterwerk-lb.de\/meisterwerk-exklusive\/people__trashed\/fabio-fortino\/#primaryimage","url":"https:\/\/meisterwerk-lb.de\/meisterwerk-exklusive\/wp-content\/uploads\/2025\/07\/Maler-u.-Lackierer-Gesele-Fabio-Fortino-scaled-e1753863865243.jpg","contentUrl":"https:\/\/meisterwerk-lb.de\/meisterwerk-exklusive\/wp-content\/uploads\/2025\/07\/Maler-u.-Lackierer-Gesele-Fabio-Fortino-scaled-e1753863865243.jpg","width":1700,"height":2270},{"@type":"BreadcrumbList","@id":"https:\/\/meisterwerk-lb.de\/meisterwerk-exklusive\/people__trashed\/fabio-fortino\/#breadcrumb","itemListElement":[{"@type":"ListItem","position":1,"name":"Startseite","item":"https:\/\/meisterwerk-lb.de\/meisterwerk-exklusive\/"},{"@type":"ListItem","position":2,"name":"Fabio Fortino"}]},{"@type":"WebSite","@id":"https:\/\/meisterwerk-lb.de\/meisterwerk-exklusive\/#website","url":"https:\/\/meisterwerk-lb.de\/meisterwerk-exklusive\/","name":"Meisterwerke Exklusive","description":"Fugenlose B&auml;der &amp; B&ouml;den, Spachteltechniken","publisher":{"@id":"https:\/\/meisterwerk-lb.de\/meisterwerk-exklusive\/#organization"},"potentialAction":[{"@type":"SearchAction","target":{"@type":"EntryPoint","urlTemplate":"https:\/\/meisterwerk-lb.de\/meisterwerk-exklusive\/?s={search_term_string}"},"query-input":{"@type":"PropertyValueSpecification","valueRequired":true,"valueName":"search_term_string"}}],"inLanguage":"de"},{"@type":"Organization","@id":"https:\/\/meisterwerk-lb.de\/meisterwerk-exklusive\/#organization","name":"Meisterwerke Exklusive","url":"https:\/\/meisterwerk-lb.de\/meisterwerk-exklusive\/","logo":{"@type":"ImageObject","inLanguage":"de","@id":"https:\/\/meisterwerk-lb.de\/meisterwerk-exklusive\/#\/schema\/logo\/image\/","url":"https:\/\/meisterwerk-lb.de\/meisterwerk-exklusive\/wp-content\/uploads\/2025\/08\/logo_exklusive.png","contentUrl":"https:\/\/meisterwerk-lb.de\/meisterwerk-exklusive\/wp-content\/uploads\/2025\/08\/logo_exklusive.png","width":831,"height":325,"caption":"Meisterwerke Exklusive"},"image":{"@id":"https:\/\/meisterwerk-lb.de\/meisterwerk-exklusive\/#\/schema\/logo\/image\/"}}]}},"_links":{"self":[{"href":"https:\/\/meisterwerk-lb.de\/meisterwerk-exklusive\/wp-json\/wp\/v2\/pages\/1776","targetHints":{"allow":["GET"]}}],"collection":[{"href":"https:\/\/meisterwerk-lb.de\/meisterwerk-exklusive\/wp-json\/wp\/v2\/pages"}],"about":[{"href":"https:\/\/meisterwerk-lb.de\/meisterwerk-exklusive\/wp-json\/wp\/v2\/types\/page"}],"author":[{"embeddable":true,"href":"https:\/\/meisterwerk-lb.de\/meisterwerk-exklusive\/wp-json\/wp\/v2\/users\/1"}],"replies":[{"embeddable":true,"href":"https:\/\/meisterwerk-lb.de\/meisterwerk-exklusive\/wp-json\/wp\/v2\/comments?post=1776"}],"version-history":[{"count":0,"href":"https:\/\/meisterwerk-lb.de\/meisterwerk-exklusive\/wp-json\/wp\/v2\/pages\/1776\/revisions"}],"wp:featuredmedia":[{"embeddable":true,"href":"https:\/\/meisterwerk-lb.de\/meisterwerk-exklusive\/wp-json\/wp\/v2\/media\/988771"}],"wp:attachment":[{"href":"https:\/\/meisterwerk-lb.de\/meisterwerk-exklusive\/wp-json\/wp\/v2\/media?parent=1776"}],"curies":[{"name":"wp","href":"https:\/\/api.w.org\/{rel}","templated":true}]}}