{"id":988622,"date":"2025-07-29T09:38:47","date_gmt":"2025-07-29T07:38:47","guid":{"rendered":"https:\/\/webdesign-seo-preiswert.de\/meister\/?page_id=988622"},"modified":"2025-08-06T18:31:06","modified_gmt":"2025-08-06T16:31:06","slug":"urlaub","status":"publish","type":"page","link":"https:\/\/meisterwerk-lb.de\/meisterwerk-exklusive\/urlaub\/","title":{"rendered":"Urlaub"},"content":{"rendered":"\t\t<div data-elementor-type=\"wp-page\" data-elementor-id=\"988622\" class=\"elementor elementor-988622\" data-elementor-post-type=\"page\">\n\t\t\t\t<div class=\"elementor-element elementor-element-9e8e860 e-flex e-con-boxed e-con e-parent\" data-id=\"9e8e860\" data-element_type=\"container\" data-e-type=\"container\">\n\t\t\t\t\t<div class=\"e-con-inner\">\n\t\t<div class=\"elementor-element elementor-element-9c6b881 e-con-full e-flex e-con e-child\" data-id=\"9c6b881\" data-element_type=\"container\" data-e-type=\"container\">\n\t\t\t\t<div class=\"elementor-element elementor-element-dbcdd35 elementor-widget elementor-widget-heading\" data-id=\"dbcdd35\" data-element_type=\"widget\" data-e-type=\"widget\" data-widget_type=\"heading.default\">\n\t\t\t\t\t<h6 class=\"elementor-heading-title elementor-size-default\">Meisterwerk Exklusive <\/h6>\t\t\t\t<\/div>\n\t\t\t\t<div class=\"elementor-element elementor-element-ce4880f elementor-invisible elementor-widget__width-initial elementor-widget-mobile__width-inherit elementor-widget-tablet__width-inherit animated-slow elementor-widget elementor-widget-heading\" data-id=\"ce4880f\" data-element_type=\"widget\" data-e-type=\"widget\" data-settings=\"{&quot;_animation_delay&quot;:360,&quot;_animation&quot;:&quot;slideInUp&quot;}\" data-widget_type=\"heading.default\">\n\t\t\t\t\t<h2 class=\"elementor-heading-title elementor-size-default\">Unser Urlaubsservice f\u00fcr Sie<\/h2>\t\t\t\t<\/div>\n\t\t\t\t<div class=\"elementor-element elementor-element-3e467df elementor-widget elementor-widget-text-editor\" data-id=\"3e467df\" data-element_type=\"widget\" data-e-type=\"widget\" data-widget_type=\"text-editor.default\">\n\t\t\t\t\t\t\t\t\tPerfekt getimed: W\u00e4hrend Sie entspannen, arbeiten wir! Unser exklusiver Urlaubsservice bietet Ihnen genau das: W\u00e4hrend Ihrer Abwesenheit f\u00fchren wir alle vereinbarten Renovierungsarbeiten durch. So kehren Sie in ein frisch renoviertes Zuhause zur\u00fcck \u2013 ganz ohne Schmutz, L\u00e4rm oder Einschr\u00e4nkungen\n\t\t\t\t\t\t\t\t<\/div>\n\t\t\t\t<\/div>\n\t\t<div class=\"elementor-element elementor-element-3064ae6 e-con-full e-flex e-con e-child\" data-id=\"3064ae6\" data-element_type=\"container\" data-e-type=\"container\" data-settings=\"{&quot;background_background&quot;:&quot;classic&quot;}\">\n\t\t\t\t<div class=\"vamtam-has-theme-widget-styles elementor-element elementor-element-8a4c585 elementor-invisible animated-slow e-transform elementor-widget elementor-widget-image\" data-id=\"8a4c585\" data-element_type=\"widget\" data-e-type=\"widget\" data-settings=\"{&quot;_animation&quot;:&quot;imageGrowWithScaleBottom&quot;,&quot;_animation_delay&quot;:340,&quot;_transform_scale_effect_hover&quot;:{&quot;unit&quot;:&quot;px&quot;,&quot;size&quot;:1,&quot;sizes&quot;:[]},&quot;_transform_scale_effect&quot;:{&quot;unit&quot;:&quot;px&quot;,&quot;size&quot;:&quot;&quot;,&quot;sizes&quot;:[]},&quot;_transform_scale_effect_tablet&quot;:{&quot;unit&quot;:&quot;px&quot;,&quot;size&quot;:&quot;&quot;,&quot;sizes&quot;:[]},&quot;_transform_scale_effect_mobile&quot;:{&quot;unit&quot;:&quot;px&quot;,&quot;size&quot;:&quot;&quot;,&quot;sizes&quot;:[]},&quot;_transform_scale_effect_hover_tablet&quot;:{&quot;unit&quot;:&quot;px&quot;,&quot;size&quot;:&quot;&quot;,&quot;sizes&quot;:[]},&quot;_transform_scale_effect_hover_mobile&quot;:{&quot;unit&quot;:&quot;px&quot;,&quot;size&quot;:&quot;&quot;,&quot;sizes&quot;:[]}}\" data-widget_type=\"image.default\">\n\t\t\t\t\t\t\t\t\t<div class=\"elementor-image\">\n\t\t\t\t\t\t\t\t\t\t\t<div class=\"vamtam-image-wrapper\">\n\t\t\t\t\t\t\t\t\t\t\t\t\t\t\t\t\t\t\t\t\t<img fetchpriority=\"high\" decoding=\"async\" width=\"2560\" height=\"1463\" src=\"https:\/\/meisterwerk-lb.de\/meisterwerk-exklusive\/wp-content\/uploads\/2025\/07\/black-white-palm-landscape-scaled.jpg\" class=\"attachment-full size-full wp-image-988614\" alt=\"\" srcset=\"https:\/\/meisterwerk-lb.de\/meisterwerk-exklusive\/wp-content\/uploads\/2025\/07\/black-white-palm-landscape-scaled.jpg 2560w, https:\/\/meisterwerk-lb.de\/meisterwerk-exklusive\/wp-content\/uploads\/2025\/07\/black-white-palm-landscape-300x171.jpg 300w, https:\/\/meisterwerk-lb.de\/meisterwerk-exklusive\/wp-content\/uploads\/2025\/07\/black-white-palm-landscape-1024x585.jpg 1024w, https:\/\/meisterwerk-lb.de\/meisterwerk-exklusive\/wp-content\/uploads\/2025\/07\/black-white-palm-landscape-768x439.jpg 768w, https:\/\/meisterwerk-lb.de\/meisterwerk-exklusive\/wp-content\/uploads\/2025\/07\/black-white-palm-landscape-1536x878.jpg 1536w, https:\/\/meisterwerk-lb.de\/meisterwerk-exklusive\/wp-content\/uploads\/2025\/07\/black-white-palm-landscape-2048x1170.jpg 2048w\" sizes=\"(max-width: 2560px) 100vw, 2560px\" \/>\t\t\t\t\t\t\t\t\t\t\t\t\t\t\t\t\t\t\t\t\t\t\t\t\t\t<\/div>\n\t\t\t\t\t\t\t\t\t<\/div>\n\t\t\t\t\t\t\t\t<\/div>\n\t\t\t\t<\/div>\n\t\t\t\t\t<\/div>\n\t\t\t\t<\/div>\n\t\t<div class=\"elementor-element elementor-element-f3c82e3 elementor-hidden-tablet elementor-hidden-mobile e-flex e-con-boxed e-con e-parent\" data-id=\"f3c82e3\" data-element_type=\"container\" data-e-type=\"container\">\n\t\t\t\t\t<div class=\"e-con-inner\">\n\t\t<div class=\"elementor-element elementor-element-a3052b7 e-con-full e-flex e-con e-child\" data-id=\"a3052b7\" data-element_type=\"container\" data-e-type=\"container\">\n\t\t<div class=\"elementor-element elementor-element-e4e3996 elementor-invisible e-con-full e-flex e-con e-child\" data-id=\"e4e3996\" data-element_type=\"container\" data-e-type=\"container\" data-settings=\"{&quot;animation&quot;:&quot;fadeInLeft&quot;}\">\n\t\t<div class=\"elementor-element elementor-element-5e0bc63 e-con-full e-flex e-con e-child\" data-id=\"5e0bc63\" data-element_type=\"container\" data-e-type=\"container\">\n\t\t<div class=\"elementor-element elementor-element-072d577 e-con-full e-flex e-con e-child\" data-id=\"072d577\" data-element_type=\"container\" data-e-type=\"container\">\n\t\t\t\t<\/div>\n\t\t\t\t<\/div>\n\t\t<div class=\"elementor-element elementor-element-cda2e32 e-con-full e-flex e-con e-child\" data-id=\"cda2e32\" data-element_type=\"container\" data-e-type=\"container\">\n\t\t<div class=\"elementor-element elementor-element-73780f7 e-con-full blur-background e-flex e-con e-child\" data-id=\"73780f7\" data-element_type=\"container\" data-e-type=\"container\">\n\t\t<div class=\"elementor-element elementor-element-e356b8b e-con-full e-flex e-con e-child\" data-id=\"e356b8b\" data-element_type=\"container\" data-e-type=\"container\">\n\t\t\t\t<div class=\"elementor-element elementor-element-e145c4e elementor-widget elementor-widget-heading\" data-id=\"e145c4e\" data-element_type=\"widget\" data-e-type=\"widget\" data-widget_type=\"heading.default\">\n\t\t\t\t\t<h5 class=\"elementor-heading-title elementor-size-default\">Ihr Ablauf in 4 einfachen Schritten:\n<\/h5>\t\t\t\t<\/div>\n\t\t\t\t<div class=\"elementor-element elementor-element-b6e3ef6 elementor-widget elementor-widget-text-editor\" data-id=\"b6e3ef6\" data-element_type=\"widget\" data-e-type=\"widget\" data-widget_type=\"text-editor.default\">\n\t\t\t\t\t\t\t\t\t<ul><li data-start=\"297\" data-end=\"402\"><p data-start=\"300\" data-end=\"402\"><strong data-start=\"300\" data-end=\"328\">Vorbesprechung &amp; Planung<\/strong><br data-start=\"328\" data-end=\"331\" \/>Wir kl\u00e4ren gemeinsam, welche Arbeiten wann ausgef\u00fchrt werden sollen.<\/p><\/li><li data-start=\"404\" data-end=\"503\"><p data-start=\"407\" data-end=\"503\"><strong data-start=\"407\" data-end=\"441\">Ihr Urlaub \u2013 unser Startschuss<\/strong><br data-start=\"441\" data-end=\"444\" \/>Sobald Sie verreist sind, beginnen wir mit den Arbeiten.<\/p><\/li><li data-start=\"505\" data-end=\"620\"><p data-start=\"508\" data-end=\"620\"><strong data-start=\"508\" data-end=\"539\">T\u00e4gliche Updates (optional)<\/strong><br data-start=\"539\" data-end=\"542\" \/>Auf Wunsch informieren wir Sie jeden Abend per E\u2011Mail \u00fcber den Fortschritt.<\/p><\/li><li data-start=\"622\" data-end=\"750\"><p data-start=\"625\" data-end=\"750\"><strong data-start=\"625\" data-end=\"662\">Zur\u00fcck am Ziel \u2013 alles ist fertig<\/strong><br data-start=\"662\" data-end=\"665\" \/>Sie kommen nach Hause und finden Ihr renoviertes Zuhause in perfektem Zustand vor.<\/p><\/li><\/ul>\t\t\t\t\t\t\t\t<\/div>\n\t\t\t\t<\/div>\n\t\t\t\t<\/div>\n\t\t\t\t<\/div>\n\t\t<div class=\"elementor-element elementor-element-a82809f e-con-full e-flex e-con e-child\" data-id=\"a82809f\" data-element_type=\"container\" data-e-type=\"container\">\n\t\t<div class=\"elementor-element elementor-element-8869452 e-con-full e-flex e-con e-child\" data-id=\"8869452\" data-element_type=\"container\" data-e-type=\"container\">\n\t\t\t\t<\/div>\n\t\t\t\t<\/div>\n\t\t\t\t<\/div>\n\t\t<div class=\"elementor-element elementor-element-b827653 elementor-invisible e-con-full e-flex e-con e-child\" data-id=\"b827653\" data-element_type=\"container\" data-e-type=\"container\" data-settings=\"{&quot;animation&quot;:&quot;fadeInLeft&quot;}\">\n\t\t<div class=\"elementor-element elementor-element-70a0448 e-con-full e-flex e-con e-child\" data-id=\"70a0448\" data-element_type=\"container\" data-e-type=\"container\">\n\t\t<div class=\"elementor-element elementor-element-1e2ab3a e-con-full e-flex e-con e-child\" data-id=\"1e2ab3a\" data-element_type=\"container\" data-e-type=\"container\">\n\t\t\t\t<\/div>\n\t\t\t\t<\/div>\n\t\t<div class=\"elementor-element elementor-element-c598875 e-con-full e-flex e-con e-child\" data-id=\"c598875\" data-element_type=\"container\" data-e-type=\"container\">\n\t\t<div class=\"elementor-element elementor-element-fc37fc4 e-con-full blur-background e-flex e-con e-child\" data-id=\"fc37fc4\" data-element_type=\"container\" data-e-type=\"container\">\n\t\t<div class=\"elementor-element elementor-element-0594867 e-con-full e-flex e-con e-child\" data-id=\"0594867\" data-element_type=\"container\" data-e-type=\"container\">\n\t\t\t\t<div class=\"elementor-element elementor-element-745e2b1 elementor-widget elementor-widget-heading\" data-id=\"745e2b1\" data-element_type=\"widget\" data-e-type=\"widget\" data-widget_type=\"heading.default\">\n\t\t\t\t\t<h5 class=\"elementor-heading-title elementor-size-default\">Warum unser Urlaubsservice?\n\n<\/h5>\t\t\t\t<\/div>\n\t\t\t\t<div class=\"elementor-element elementor-element-4d45fa7 elementor-widget elementor-widget-text-editor\" data-id=\"4d45fa7\" data-element_type=\"widget\" data-e-type=\"widget\" data-widget_type=\"text-editor.default\">\n\t\t\t\t\t\t\t\t\t<ul><li data-start=\"791\" data-end=\"867\"><p data-start=\"793\" data-end=\"867\"><strong data-start=\"793\" data-end=\"817\">Maximale Entspannung<\/strong> \u2013 kein L\u00e4rm, kein Dreck, keine Einschr\u00e4nkungen.<\/p><\/li><li data-start=\"868\" data-end=\"956\"><p data-start=\"870\" data-end=\"956\"><strong data-start=\"870\" data-end=\"888\">Rundum-sorglos<\/strong> \u2013 Sie genie\u00dfen Ihren Urlaub, w\u00e4hrend wir Ihr Zuhause versch\u00f6nern.<\/p><\/li><li data-start=\"957\" data-end=\"1052\"><p data-start=\"959\" data-end=\"1052\"><strong data-start=\"959\" data-end=\"980\">Volle Transparenz<\/strong> \u2013 mit t\u00e4glichem Update, klarer Kommunikation und einem Ansprechpartner.<\/p><\/li><\/ul>\t\t\t\t\t\t\t\t<\/div>\n\t\t\t\t<\/div>\n\t\t\t\t<\/div>\n\t\t\t\t<\/div>\n\t\t<div class=\"elementor-element elementor-element-e5944fb e-con-full e-flex e-con e-child\" data-id=\"e5944fb\" data-element_type=\"container\" data-e-type=\"container\">\n\t\t<div class=\"elementor-element elementor-element-7acb21a e-con-full e-flex e-con e-child\" data-id=\"7acb21a\" data-element_type=\"container\" data-e-type=\"container\">\n\t\t\t\t<\/div>\n\t\t\t\t<\/div>\n\t\t\t\t<\/div>\n\t\t\t\t<\/div>\n\t\t\t\t\t<\/div>\n\t\t\t\t<\/div>\n\t\t<div class=\"elementor-element elementor-element-9a4846f elementor-hidden-desktop e-flex e-con-boxed e-con e-parent\" data-id=\"9a4846f\" data-element_type=\"container\" data-e-type=\"container\">\n\t\t\t\t\t<div class=\"e-con-inner\">\n\t\t<div class=\"elementor-element elementor-element-85dc662 e-con-full e-flex e-con e-child\" data-id=\"85dc662\" data-element_type=\"container\" data-e-type=\"container\">\n\t\t<div class=\"elementor-element elementor-element-2dae3a6 elementor-invisible e-con-full e-flex e-con e-child\" data-id=\"2dae3a6\" data-element_type=\"container\" data-e-type=\"container\" data-settings=\"{&quot;animation&quot;:&quot;fadeInLeft&quot;}\">\n\t\t\t\t<div class=\"elementor-element elementor-element-50220d8 elementor-widget elementor-widget-heading\" data-id=\"50220d8\" data-element_type=\"widget\" data-e-type=\"widget\" data-widget_type=\"heading.default\">\n\t\t\t\t\t<h5 class=\"elementor-heading-title elementor-size-default\">Ihr Ablauf in 4 einfachen Schritten:\n<\/h5>\t\t\t\t<\/div>\n\t\t\t\t<div class=\"elementor-element elementor-element-6693287 elementor-widget elementor-widget-text-editor\" data-id=\"6693287\" data-element_type=\"widget\" data-e-type=\"widget\" data-widget_type=\"text-editor.default\">\n\t\t\t\t\t\t\t\t\t<ul><li data-start=\"297\" data-end=\"402\"><p data-start=\"300\" data-end=\"402\"><strong data-start=\"300\" data-end=\"328\">Vorbesprechung &amp; Planung<\/strong><br data-start=\"328\" data-end=\"331\" \/>Wir kl\u00e4ren gemeinsam, welche Arbeiten wann ausgef\u00fchrt werden sollen.<\/p><\/li><li data-start=\"404\" data-end=\"503\"><p data-start=\"407\" data-end=\"503\"><strong data-start=\"407\" data-end=\"441\">Ihr Urlaub \u2013 unser Startschuss<\/strong><br data-start=\"441\" data-end=\"444\" \/>Sobald Sie verreist sind, beginnen wir mit den Arbeiten.<\/p><\/li><li data-start=\"505\" data-end=\"620\"><p data-start=\"508\" data-end=\"620\"><strong data-start=\"508\" data-end=\"539\">T\u00e4gliche Updates (optional)<\/strong><br data-start=\"539\" data-end=\"542\" \/>Auf Wunsch informieren wir Sie jeden Abend per E\u2011Mail \u00fcber den Fortschritt.<\/p><\/li><li data-start=\"622\" data-end=\"750\"><p data-start=\"625\" data-end=\"750\"><strong data-start=\"625\" data-end=\"662\">Zur\u00fcck am Ziel \u2013 alles ist fertig<\/strong><br data-start=\"662\" data-end=\"665\" \/>Sie kommen nach Hause und finden Ihr renoviertes Zuhause in perfektem Zustand vor.<\/p><\/li><\/ul>\t\t\t\t\t\t\t\t<\/div>\n\t\t\t\t<\/div>\n\t\t<div class=\"elementor-element elementor-element-7c380e9 elementor-invisible e-con-full e-flex e-con e-child\" data-id=\"7c380e9\" data-element_type=\"container\" data-e-type=\"container\" data-settings=\"{&quot;animation&quot;:&quot;fadeInUp&quot;}\">\n\t\t\t\t<div class=\"elementor-element elementor-element-890ba52 elementor-widget elementor-widget-heading\" data-id=\"890ba52\" data-element_type=\"widget\" data-e-type=\"widget\" data-widget_type=\"heading.default\">\n\t\t\t\t\t<h5 class=\"elementor-heading-title elementor-size-default\">Warum unser Urlaubsservice?\n\n<\/h5>\t\t\t\t<\/div>\n\t\t\t\t<div class=\"elementor-element elementor-element-4899d97 elementor-widget elementor-widget-text-editor\" data-id=\"4899d97\" data-element_type=\"widget\" data-e-type=\"widget\" data-widget_type=\"text-editor.default\">\n\t\t\t\t\t\t\t\t\t<ul><li data-start=\"791\" data-end=\"867\"><p data-start=\"793\" data-end=\"867\"><strong data-start=\"793\" data-end=\"817\">Maximale Entspannung<\/strong> \u2013 kein L\u00e4rm, kein Dreck, keine Einschr\u00e4nkungen.<\/p><\/li><li data-start=\"868\" data-end=\"956\"><p data-start=\"870\" data-end=\"956\"><strong data-start=\"870\" data-end=\"888\">Rundum-sorglos<\/strong> \u2013 Sie genie\u00dfen Ihren Urlaub, w\u00e4hrend wir Ihr Zuhause versch\u00f6nern.<\/p><\/li><li data-start=\"957\" data-end=\"1052\"><p data-start=\"959\" data-end=\"1052\"><strong data-start=\"959\" data-end=\"980\">Volle Transparenz<\/strong> \u2013 mit t\u00e4glichem Update, klarer Kommunikation und einem Ansprechpartner.<\/p><\/li><\/ul>\t\t\t\t\t\t\t\t<\/div>\n\t\t\t\t<\/div>\n\t\t\t\t<\/div>\n\t\t\t\t\t<\/div>\n\t\t\t\t<\/div>\n\t\t\t\t<\/div>\n\t\t","protected":false},"excerpt":{"rendered":"<p>Meisterwerk Exklusive Unser Urlaubsservice f\u00fcr Sie Perfekt getimed: W\u00e4hrend Sie entspannen, arbeiten wir! Unser exklusiver Urlaubsservice bietet Ihnen genau das: W\u00e4hrend Ihrer Abwesenheit f\u00fchren wir alle vereinbarten Renovierungsarbeiten durch. So kehren Sie in ein frisch renoviertes Zuhause zur\u00fcck \u2013 ganz ohne Schmutz, L\u00e4rm oder Einschr\u00e4nkungen Ihr Ablauf in 4 einfachen Schritten: Vorbesprechung &amp; PlanungWir kl\u00e4ren&#8230;<\/p>\n","protected":false},"author":1,"featured_media":0,"parent":0,"menu_order":0,"comment_status":"closed","ping_status":"closed","template":"elementor_header_footer","meta":{"footnotes":""},"class_list":["post-988622","page","type-page","status-publish","hentry"],"yoast_head":"<!-- This site is optimized with the Yoast SEO Premium plugin v26.5 (Yoast SEO v27.6) - https:\/\/yoast.com\/product\/yoast-seo-premium-wordpress\/ -->\n<title>Urlaub - Meisterwerke Exklusive<\/title>\n<meta name=\"robots\" content=\"index, follow, max-snippet:-1, max-image-preview:large, max-video-preview:-1\" \/>\n<link rel=\"canonical\" href=\"https:\/\/meisterwerk-lb.de\/meisterwerk-exklusive\/urlaub\/\" \/>\n<meta property=\"og:locale\" content=\"de_DE\" \/>\n<meta property=\"og:type\" content=\"article\" \/>\n<meta property=\"og:title\" content=\"Urlaub\" \/>\n<meta property=\"og:description\" content=\"Meisterwerk Exklusive Unser Urlaubsservice f\u00fcr Sie Perfekt getimed: W\u00e4hrend Sie entspannen, arbeiten wir! Unser exklusiver Urlaubsservice bietet Ihnen genau das: W\u00e4hrend Ihrer Abwesenheit f\u00fchren wir alle vereinbarten Renovierungsarbeiten durch. So kehren Sie in ein frisch renoviertes Zuhause zur\u00fcck \u2013 ganz ohne Schmutz, L\u00e4rm oder Einschr\u00e4nkungen Ihr Ablauf in 4 einfachen Schritten: Vorbesprechung &amp; PlanungWir kl\u00e4ren...\" \/>\n<meta property=\"og:url\" content=\"https:\/\/meisterwerk-lb.de\/meisterwerk-exklusive\/urlaub\/\" \/>\n<meta property=\"og:site_name\" content=\"Meisterwerke Exklusive\" \/>\n<meta property=\"article:modified_time\" content=\"2025-08-06T16:31:06+00:00\" \/>\n<meta property=\"og:image\" content=\"https:\/\/meisterwerk-lb.de\/meisterwerk-exklusive\/wp-content\/uploads\/2025\/07\/black-white-palm-landscape-scaled.jpg\" \/>\n<meta name=\"twitter:card\" content=\"summary_large_image\" \/>\n<meta name=\"twitter:label1\" content=\"Gesch\u00e4tzte Lesezeit\" \/>\n\t<meta name=\"twitter:data1\" content=\"1\u00a0Minute\" \/>\n<script type=\"application\/ld+json\" class=\"yoast-schema-graph\">{\"@context\":\"https:\\\/\\\/schema.org\",\"@graph\":[{\"@type\":\"WebPage\",\"@id\":\"https:\\\/\\\/meisterwerk-lb.de\\\/meisterwerk-exklusive\\\/urlaub\\\/\",\"url\":\"https:\\\/\\\/meisterwerk-lb.de\\\/meisterwerk-exklusive\\\/urlaub\\\/\",\"name\":\"Urlaub - Meisterwerke Exklusive\",\"isPartOf\":{\"@id\":\"https:\\\/\\\/meisterwerk-lb.de\\\/meisterwerk-exklusive\\\/#website\"},\"primaryImageOfPage\":{\"@id\":\"https:\\\/\\\/meisterwerk-lb.de\\\/meisterwerk-exklusive\\\/urlaub\\\/#primaryimage\"},\"image\":{\"@id\":\"https:\\\/\\\/meisterwerk-lb.de\\\/meisterwerk-exklusive\\\/urlaub\\\/#primaryimage\"},\"thumbnailUrl\":\"https:\\\/\\\/meisterwerk-lb.de\\\/meisterwerk-exklusive\\\/wp-content\\\/uploads\\\/2025\\\/07\\\/black-white-palm-landscape-scaled.jpg\",\"datePublished\":\"2025-07-29T07:38:47+00:00\",\"dateModified\":\"2025-08-06T16:31:06+00:00\",\"breadcrumb\":{\"@id\":\"https:\\\/\\\/meisterwerk-lb.de\\\/meisterwerk-exklusive\\\/urlaub\\\/#breadcrumb\"},\"inLanguage\":\"de\",\"potentialAction\":[{\"@type\":\"ReadAction\",\"target\":[\"https:\\\/\\\/meisterwerk-lb.de\\\/meisterwerk-exklusive\\\/urlaub\\\/\"]}]},{\"@type\":\"ImageObject\",\"inLanguage\":\"de\",\"@id\":\"https:\\\/\\\/meisterwerk-lb.de\\\/meisterwerk-exklusive\\\/urlaub\\\/#primaryimage\",\"url\":\"https:\\\/\\\/meisterwerk-lb.de\\\/meisterwerk-exklusive\\\/wp-content\\\/uploads\\\/2025\\\/07\\\/black-white-palm-landscape-scaled.jpg\",\"contentUrl\":\"https:\\\/\\\/meisterwerk-lb.de\\\/meisterwerk-exklusive\\\/wp-content\\\/uploads\\\/2025\\\/07\\\/black-white-palm-landscape-scaled.jpg\",\"width\":2560,\"height\":1463},{\"@type\":\"BreadcrumbList\",\"@id\":\"https:\\\/\\\/meisterwerk-lb.de\\\/meisterwerk-exklusive\\\/urlaub\\\/#breadcrumb\",\"itemListElement\":[{\"@type\":\"ListItem\",\"position\":1,\"name\":\"Startseite\",\"item\":\"https:\\\/\\\/meisterwerk-lb.de\\\/meisterwerk-exklusive\\\/\"},{\"@type\":\"ListItem\",\"position\":2,\"name\":\"Urlaub\"}]},{\"@type\":\"WebSite\",\"@id\":\"https:\\\/\\\/meisterwerk-lb.de\\\/meisterwerk-exklusive\\\/#website\",\"url\":\"https:\\\/\\\/meisterwerk-lb.de\\\/meisterwerk-exklusive\\\/\",\"name\":\"Meisterwerke Exklusive\",\"description\":\"Fugenlose B&auml;der &amp; B&ouml;den, Spachteltechniken\",\"publisher\":{\"@id\":\"https:\\\/\\\/meisterwerk-lb.de\\\/meisterwerk-exklusive\\\/#organization\"},\"potentialAction\":[{\"@type\":\"SearchAction\",\"target\":{\"@type\":\"EntryPoint\",\"urlTemplate\":\"https:\\\/\\\/meisterwerk-lb.de\\\/meisterwerk-exklusive\\\/?s={search_term_string}\"},\"query-input\":{\"@type\":\"PropertyValueSpecification\",\"valueRequired\":true,\"valueName\":\"search_term_string\"}}],\"inLanguage\":\"de\"},{\"@type\":\"Organization\",\"@id\":\"https:\\\/\\\/meisterwerk-lb.de\\\/meisterwerk-exklusive\\\/#organization\",\"name\":\"Meisterwerke Exklusive\",\"url\":\"https:\\\/\\\/meisterwerk-lb.de\\\/meisterwerk-exklusive\\\/\",\"logo\":{\"@type\":\"ImageObject\",\"inLanguage\":\"de\",\"@id\":\"https:\\\/\\\/meisterwerk-lb.de\\\/meisterwerk-exklusive\\\/#\\\/schema\\\/logo\\\/image\\\/\",\"url\":\"https:\\\/\\\/meisterwerk-lb.de\\\/meisterwerk-exklusive\\\/wp-content\\\/uploads\\\/2025\\\/08\\\/logo_exklusive.png\",\"contentUrl\":\"https:\\\/\\\/meisterwerk-lb.de\\\/meisterwerk-exklusive\\\/wp-content\\\/uploads\\\/2025\\\/08\\\/logo_exklusive.png\",\"width\":831,\"height\":325,\"caption\":\"Meisterwerke Exklusive\"},\"image\":{\"@id\":\"https:\\\/\\\/meisterwerk-lb.de\\\/meisterwerk-exklusive\\\/#\\\/schema\\\/logo\\\/image\\\/\"}}]}<\/script>\n<!-- \/ Yoast SEO Premium plugin. -->","yoast_head_json":{"title":"Urlaub - Meisterwerke Exklusive","robots":{"index":"index","follow":"follow","max-snippet":"max-snippet:-1","max-image-preview":"max-image-preview:large","max-video-preview":"max-video-preview:-1"},"canonical":"https:\/\/meisterwerk-lb.de\/meisterwerk-exklusive\/urlaub\/","og_locale":"de_DE","og_type":"article","og_title":"Urlaub","og_description":"Meisterwerk Exklusive Unser Urlaubsservice f\u00fcr Sie Perfekt getimed: W\u00e4hrend Sie entspannen, arbeiten wir! Unser exklusiver Urlaubsservice bietet Ihnen genau das: W\u00e4hrend Ihrer Abwesenheit f\u00fchren wir alle vereinbarten Renovierungsarbeiten durch. So kehren Sie in ein frisch renoviertes Zuhause zur\u00fcck \u2013 ganz ohne Schmutz, L\u00e4rm oder Einschr\u00e4nkungen Ihr Ablauf in 4 einfachen Schritten: Vorbesprechung &amp; PlanungWir kl\u00e4ren...","og_url":"https:\/\/meisterwerk-lb.de\/meisterwerk-exklusive\/urlaub\/","og_site_name":"Meisterwerke Exklusive","article_modified_time":"2025-08-06T16:31:06+00:00","og_image":[{"url":"https:\/\/meisterwerk-lb.de\/meisterwerk-exklusive\/wp-content\/uploads\/2025\/07\/black-white-palm-landscape-scaled.jpg","type":"","width":"","height":""}],"twitter_card":"summary_large_image","twitter_misc":{"Gesch\u00e4tzte Lesezeit":"1\u00a0Minute"},"schema":{"@context":"https:\/\/schema.org","@graph":[{"@type":"WebPage","@id":"https:\/\/meisterwerk-lb.de\/meisterwerk-exklusive\/urlaub\/","url":"https:\/\/meisterwerk-lb.de\/meisterwerk-exklusive\/urlaub\/","name":"Urlaub - Meisterwerke Exklusive","isPartOf":{"@id":"https:\/\/meisterwerk-lb.de\/meisterwerk-exklusive\/#website"},"primaryImageOfPage":{"@id":"https:\/\/meisterwerk-lb.de\/meisterwerk-exklusive\/urlaub\/#primaryimage"},"image":{"@id":"https:\/\/meisterwerk-lb.de\/meisterwerk-exklusive\/urlaub\/#primaryimage"},"thumbnailUrl":"https:\/\/meisterwerk-lb.de\/meisterwerk-exklusive\/wp-content\/uploads\/2025\/07\/black-white-palm-landscape-scaled.jpg","datePublished":"2025-07-29T07:38:47+00:00","dateModified":"2025-08-06T16:31:06+00:00","breadcrumb":{"@id":"https:\/\/meisterwerk-lb.de\/meisterwerk-exklusive\/urlaub\/#breadcrumb"},"inLanguage":"de","potentialAction":[{"@type":"ReadAction","target":["https:\/\/meisterwerk-lb.de\/meisterwerk-exklusive\/urlaub\/"]}]},{"@type":"ImageObject","inLanguage":"de","@id":"https:\/\/meisterwerk-lb.de\/meisterwerk-exklusive\/urlaub\/#primaryimage","url":"https:\/\/meisterwerk-lb.de\/meisterwerk-exklusive\/wp-content\/uploads\/2025\/07\/black-white-palm-landscape-scaled.jpg","contentUrl":"https:\/\/meisterwerk-lb.de\/meisterwerk-exklusive\/wp-content\/uploads\/2025\/07\/black-white-palm-landscape-scaled.jpg","width":2560,"height":1463},{"@type":"BreadcrumbList","@id":"https:\/\/meisterwerk-lb.de\/meisterwerk-exklusive\/urlaub\/#breadcrumb","itemListElement":[{"@type":"ListItem","position":1,"name":"Startseite","item":"https:\/\/meisterwerk-lb.de\/meisterwerk-exklusive\/"},{"@type":"ListItem","position":2,"name":"Urlaub"}]},{"@type":"WebSite","@id":"https:\/\/meisterwerk-lb.de\/meisterwerk-exklusive\/#website","url":"https:\/\/meisterwerk-lb.de\/meisterwerk-exklusive\/","name":"Meisterwerke Exklusive","description":"Fugenlose B&auml;der &amp; B&ouml;den, Spachteltechniken","publisher":{"@id":"https:\/\/meisterwerk-lb.de\/meisterwerk-exklusive\/#organization"},"potentialAction":[{"@type":"SearchAction","target":{"@type":"EntryPoint","urlTemplate":"https:\/\/meisterwerk-lb.de\/meisterwerk-exklusive\/?s={search_term_string}"},"query-input":{"@type":"PropertyValueSpecification","valueRequired":true,"valueName":"search_term_string"}}],"inLanguage":"de"},{"@type":"Organization","@id":"https:\/\/meisterwerk-lb.de\/meisterwerk-exklusive\/#organization","name":"Meisterwerke Exklusive","url":"https:\/\/meisterwerk-lb.de\/meisterwerk-exklusive\/","logo":{"@type":"ImageObject","inLanguage":"de","@id":"https:\/\/meisterwerk-lb.de\/meisterwerk-exklusive\/#\/schema\/logo\/image\/","url":"https:\/\/meisterwerk-lb.de\/meisterwerk-exklusive\/wp-content\/uploads\/2025\/08\/logo_exklusive.png","contentUrl":"https:\/\/meisterwerk-lb.de\/meisterwerk-exklusive\/wp-content\/uploads\/2025\/08\/logo_exklusive.png","width":831,"height":325,"caption":"Meisterwerke Exklusive"},"image":{"@id":"https:\/\/meisterwerk-lb.de\/meisterwerk-exklusive\/#\/schema\/logo\/image\/"}}]}},"_links":{"self":[{"href":"https:\/\/meisterwerk-lb.de\/meisterwerk-exklusive\/wp-json\/wp\/v2\/pages\/988622","targetHints":{"allow":["GET"]}}],"collection":[{"href":"https:\/\/meisterwerk-lb.de\/meisterwerk-exklusive\/wp-json\/wp\/v2\/pages"}],"about":[{"href":"https:\/\/meisterwerk-lb.de\/meisterwerk-exklusive\/wp-json\/wp\/v2\/types\/page"}],"author":[{"embeddable":true,"href":"https:\/\/meisterwerk-lb.de\/meisterwerk-exklusive\/wp-json\/wp\/v2\/users\/1"}],"replies":[{"embeddable":true,"href":"https:\/\/meisterwerk-lb.de\/meisterwerk-exklusive\/wp-json\/wp\/v2\/comments?post=988622"}],"version-history":[{"count":0,"href":"https:\/\/meisterwerk-lb.de\/meisterwerk-exklusive\/wp-json\/wp\/v2\/pages\/988622\/revisions"}],"wp:attachment":[{"href":"https:\/\/meisterwerk-lb.de\/meisterwerk-exklusive\/wp-json\/wp\/v2\/media?parent=988622"}],"curies":[{"name":"wp","href":"https:\/\/api.w.org\/{rel}","templated":true}]}}